{"id":64,"date":"2025-11-07T14:17:46","date_gmt":"2025-11-07T14:17:46","guid":{"rendered":"https:\/\/www.bushman.com.tr\/?page_id=64"},"modified":"2025-11-07T14:17:46","modified_gmt":"2025-11-07T14:17:46","slug":"hakkimizda","status":"publish","type":"page","link":"https:\/\/www.bushman.com.tr\/index.php\/hakkimizda\/","title":{"rendered":"Hakk\u0131m\u0131zda"},"content":{"rendered":"\n<p>Arthobi Bushman d\u00fcrb\u00fcn , teleskop , mikroskop , tripod \u00fcr\u00fcnleri hakk\u0131nda bilgi vermek i\u00e7in haz\u0131rlanm\u0131\u015f bir websitesidir. Zaman i\u00e7erisinde blog ve resimler ekleyerek daha renkli bir sayfa haline gelece\u011finden emin olabilirsiniz.<\/p>\n\n\n\n<p>D\u00fcrb\u00fcn D\u00fcnyas\u0131 firmam\u0131z 2011 y\u0131l\u0131nda \u0130stanbul\u2019da kurulmu\u015ftur. Genel olarak ba\u015flang\u0131\u00e7ta sadece d\u00fcrb\u00fcn ve teleskop \u00fcr\u00fcnleri ile hizmet veren firmam\u0131z gerek \u00fcr\u00fcn gam\u0131nda gerek \u00fcr\u00fcn \u00e7e\u015fitlili\u011fi anlam\u0131nda zaman i\u00e7erisinde 150+ \u00fcr\u00fcnle sizlere hizmet vermektedir.<\/p>\n\n\n\n<p>Bushman d\u00fcrb\u00fcnlerini Hepsiburada , Trendyol , Amazon , \u00c7i\u00e7eksepeti ve kendi sitemiz olan durbundunyasi.com \u00fczerinden satmaktay\u0131z.<\/p>\n\n\n\n<p>D\u00fcrb\u00fcn D\u00fcnyas\u0131 firmam\u0131za ait olan markalar a\u015fa\u011f\u0131daki gibidir.<\/p>\n\n\n\n<blockquote class=\"wp-block-quote is-layout-flow wp-block-quote-is-layout-flow\">\n<p>Bushman<\/p>\n<\/blockquote>\n\n\n\n<blockquote class=\"wp-block-quote is-layout-flow wp-block-quote-is-layout-flow\">\n<p>Tento<\/p>\n<\/blockquote>\n\n\n\n<blockquote class=\"wp-block-quote is-layout-flow wp-block-quote-is-layout-flow\">\n<p>Norinco<\/p>\n<\/blockquote>\n\n\n\n<blockquote class=\"wp-block-quote is-layout-flow wp-block-quote-is-layout-flow\">\n<p>Magni<\/p>\n<\/blockquote>\n\n\n\n<p>\u00dcr\u00fcnlerimizi e\u011fer denemek isterseniz \u0130stanbul Sirkeci\u2019de bulunan sat\u0131\u015f ma\u011fazam\u0131zdan deneyerek alabilirsiniz.<\/p>\n\n\n\n<h2 class=\"wp-block-heading\"><\/h2>\n\n\n\n<figure class=\"wp-block-image\"><img decoding=\"async\" src=\"https:\/\/arthobi.com\/wp-content\/uploads\/2025\/11\/image-2.png\" alt=\"\" class=\"wp-image-27\"\/><\/figure>\n\n\n\n<p>Adres i\u00e7in web sitemizin ileti\u015fim b\u00f6l\u00fcm\u00fcnden veya a\u015fa\u011f\u0131daki butondan bilgi alabilirsiniz\u2026<\/p>\n\n\n\n<p><a href=\"https:\/\/arthobi.com\/iletisim\/\">Ma\u011faza Adres<\/a><\/p>\n","protected":false},"excerpt":{"rendered":"<p>Arthobi Bushman d\u00fcrb\u00fcn , teleskop , mikroskop , tripod \u00fcr\u00fcnleri hakk\u0131nda bilgi vermek i\u00e7in haz\u0131rlanm\u0131\u015f bir websitesidir. Zaman i\u00e7erisinde blog ve resimler ekleyerek daha renkli bir sayfa haline gelece\u011finden emin olabilirsiniz. D\u00fcrb\u00fcn D\u00fcnyas\u0131 firmam\u0131z 2011 y\u0131l\u0131nda \u0130stanbul\u2019da kurulmu\u015ftur. Genel olarak ba\u015flang\u0131\u00e7ta sadece d\u00fcrb\u00fcn ve teleskop \u00fcr\u00fcnleri ile hizmet veren firmam\u0131z gerek \u00fcr\u00fcn gam\u0131nda gerek \u00fcr\u00fcn [&hellip;]<\/p>\n","protected":false},"author":1,"featured_media":0,"parent":0,"menu_order":0,"comment_status":"closed","ping_status":"closed","template":"","meta":{"footnotes":""},"class_list":["post-64","page","type-page","status-publish","hentry"],"_links":{"self":[{"href":"https:\/\/www.bushman.com.tr\/index.php\/wp-json\/wp\/v2\/pages\/64","targetHints":{"allow":["GET"]}}],"collection":[{"href":"https:\/\/www.bushman.com.tr\/index.php\/wp-json\/wp\/v2\/pages"}],"about":[{"href":"https:\/\/www.bushman.com.tr\/index.php\/wp-json\/wp\/v2\/types\/page"}],"author":[{"embeddable":true,"href":"https:\/\/www.bushman.com.tr\/index.php\/wp-json\/wp\/v2\/users\/1"}],"replies":[{"embeddable":true,"href":"https:\/\/www.bushman.com.tr\/index.php\/wp-json\/wp\/v2\/comments?post=64"}],"version-history":[{"count":1,"href":"https:\/\/www.bushman.com.tr\/index.php\/wp-json\/wp\/v2\/pages\/64\/revisions"}],"predecessor-version":[{"id":65,"href":"https:\/\/www.bushman.com.tr\/index.php\/wp-json\/wp\/v2\/pages\/64\/revisions\/65"}],"wp:attachment":[{"href":"https:\/\/www.bushman.com.tr\/index.php\/wp-json\/wp\/v2\/media?parent=64"}],"curies":[{"name":"wp","href":"https:\/\/api.w.org\/{rel}","templated":true}]}}